{"id":9877,"date":"2023-10-18T21:13:34","date_gmt":"2023-10-18T21:13:34","guid":{"rendered":"https:\/\/mobiledekor.com\/beispielseite\/"},"modified":"2024-11-04T14:54:42","modified_gmt":"2024-11-04T14:54:42","slug":"beispielseite","status":"publish","type":"page","link":"https:\/\/mobiledekor.com\/de\/beispielseite\/","title":{"rendered":"Beispielseite"},"content":{"rendered":"\n<p>Dies ist eine Beispielseite. Der Unterschied zu einem Blog-Beitrag besteht darin, dass er an einem Ort verbleibt und in der Navigation Ihrer Website angezeigt wird (in den meisten Themes). Die meisten Leute beginnen mit einer About-Seite, die sie potenziellen Website-Besuchern vorstellt. Es k\u00f6nnte etwa so lauten:   <\/p>\n\n<blockquote class=\"wp-block-quote is-layout-flow wp-block-quote-is-layout-flow\"><p>Hallo! Tags\u00fcber bin ich Fahrradkurier, nachts angehender Schauspieler, und das ist meine Website. Ich lebe in Los Angeles, habe einen tollen Hund namens Jack und ich mag Pi\u00f1a Coladas. (Und im Regen erwischt zu werden.)   <\/p><\/blockquote>\n\n<p>&#8230;oder so \u00e4hnlich:<\/p>\n\n<blockquote class=\"wp-block-quote is-layout-flow wp-block-quote-is-layout-flow\"><p>Die XYZ Doohickey Company wurde 1971 gegr\u00fcndet und beliefert die \u00d6ffentlichkeit seitdem mit hochwertigen Doohickeys. XYZ mit Sitz in Gotham City besch\u00e4ftigt \u00fcber 2.000 Mitarbeiter und leistet alle m\u00f6glichen tollen Dinge f\u00fcr die Gotham-Community. <\/p><\/blockquote>\n\n<p>Als neuer WordPress-Benutzer sollten Sie zu <a href=\"https:\/\/mobiledekor.com\/wp-admin\/\">Ihrem Dashboard<\/a> gehen, um diese Seite zu l\u00f6schen und neue Seiten f\u00fcr Ihre Inhalte zu erstellen. Viel Spa\u00df! <\/p>\n","protected":false},"excerpt":{"rendered":"<p>Dies ist eine Beispielseite. Der Unterschied zu einem Blog-Beitrag besteht darin, dass er an einem Ort verbleibt und in der Navigation Ihrer Website angezeigt wird (in den meisten Themes). Die meisten Leute beginnen mit einer About-Seite, die sie potenziellen Website-Besuchern vorstellt. Es k\u00f6nnte etwa so lauten: Hallo! Tags\u00fcber bin ich Fahrradkurier, nachts angehender Schauspieler, und [&hellip;]<\/p>\n","protected":false},"author":1,"featured_media":0,"parent":0,"menu_order":0,"comment_status":"closed","ping_status":"open","template":"","meta":{"footnotes":""},"class_list":["post-9877","page","type-page","status-publish","hentry"],"yoast_head":"<!-- This site is optimized with the Yoast SEO Premium plugin v22.1 (Yoast SEO v26.7) - https:\/\/yoast.com\/wordpress\/plugins\/seo\/ -->\n<title>Beispielseite - Mobile Dekor<\/title>\n<meta name=\"robots\" content=\"index, follow, max-snippet:-1, max-image-preview:large, max-video-preview:-1\" \/>\n<link rel=\"canonical\" href=\"https:\/\/mobiledekor.com\/de\/beispielseite\/\" \/>\n<meta property=\"og:locale\" content=\"de_DE\" \/>\n<meta property=\"og:type\" content=\"article\" \/>\n<meta property=\"og:title\" content=\"Beispielseite\" \/>\n<meta property=\"og:description\" content=\"Dies ist eine Beispielseite. Der Unterschied zu einem Blog-Beitrag besteht darin, dass er an einem Ort verbleibt und in der Navigation Ihrer Website angezeigt wird (in den meisten Themes). Die meisten Leute beginnen mit einer About-Seite, die sie potenziellen Website-Besuchern vorstellt. Es k\u00f6nnte etwa so lauten: Hallo! Tags\u00fcber bin ich Fahrradkurier, nachts angehender Schauspieler, und [&hellip;]\" \/>\n<meta property=\"og:url\" content=\"https:\/\/mobiledekor.com\/de\/beispielseite\/\" \/>\n<meta property=\"og:site_name\" content=\"Mobile Dekor\" \/>\n<meta property=\"article:publisher\" content=\"https:\/\/www.facebook.com\/mobiledekor\" \/>\n<meta property=\"article:modified_time\" content=\"2024-11-04T14:54:42+00:00\" \/>\n<meta name=\"twitter:card\" content=\"summary_large_image\" \/>\n<meta name=\"twitter:label1\" content=\"Gesch\u00e4tzte Lesezeit\" \/>\n\t<meta name=\"twitter:data1\" content=\"1\u00a0Minute\" \/>\n<script type=\"application\/ld+json\" class=\"yoast-schema-graph\">{\"@context\":\"https:\/\/schema.org\",\"@graph\":[{\"@type\":\"WebPage\",\"@id\":\"https:\/\/mobiledekor.com\/de\/beispielseite\/\",\"url\":\"https:\/\/mobiledekor.com\/de\/beispielseite\/\",\"name\":\"Beispielseite - Mobile Dekor\",\"isPartOf\":{\"@id\":\"https:\/\/mobiledekor.com\/de\/#website\"},\"datePublished\":\"2023-10-18T21:13:34+00:00\",\"dateModified\":\"2024-11-04T14:54:42+00:00\",\"breadcrumb\":{\"@id\":\"https:\/\/mobiledekor.com\/de\/beispielseite\/#breadcrumb\"},\"inLanguage\":\"de\",\"potentialAction\":[{\"@type\":\"ReadAction\",\"target\":[\"https:\/\/mobiledekor.com\/de\/beispielseite\/\"]}]},{\"@type\":\"BreadcrumbList\",\"@id\":\"https:\/\/mobiledekor.com\/de\/beispielseite\/#breadcrumb\",\"itemListElement\":[{\"@type\":\"ListItem\",\"position\":1,\"name\":\"Home\",\"item\":\"https:\/\/mobiledekor.com\/de\/\"},{\"@type\":\"ListItem\",\"position\":2,\"name\":\"Beispielseite\"}]},{\"@type\":\"WebSite\",\"@id\":\"https:\/\/mobiledekor.com\/de\/#website\",\"url\":\"https:\/\/mobiledekor.com\/de\/\",\"name\":\"Mobile Dekor\",\"description\":\"Kuzhina moderne dhe dhoma gjumi\",\"publisher\":{\"@id\":\"https:\/\/mobiledekor.com\/de\/#organization\"},\"potentialAction\":[{\"@type\":\"SearchAction\",\"target\":{\"@type\":\"EntryPoint\",\"urlTemplate\":\"https:\/\/mobiledekor.com\/de\/?s={search_term_string}\"},\"query-input\":{\"@type\":\"PropertyValueSpecification\",\"valueRequired\":true,\"valueName\":\"search_term_string\"}}],\"inLanguage\":\"de\"},{\"@type\":\"Organization\",\"@id\":\"https:\/\/mobiledekor.com\/de\/#organization\",\"name\":\"Mobile Dekor\",\"url\":\"https:\/\/mobiledekor.com\/de\/\",\"logo\":{\"@type\":\"ImageObject\",\"inLanguage\":\"de\",\"@id\":\"https:\/\/mobiledekor.com\/de\/#\/schema\/logo\/image\/\",\"url\":\"https:\/\/mobiledekor.com\/wp-content\/uploads\/2023\/10\/Mobile-Dekor-PNG-1.png\",\"contentUrl\":\"https:\/\/mobiledekor.com\/wp-content\/uploads\/2023\/10\/Mobile-Dekor-PNG-1.png\",\"width\":2650,\"height\":385,\"caption\":\"Mobile Dekor\"},\"image\":{\"@id\":\"https:\/\/mobiledekor.com\/de\/#\/schema\/logo\/image\/\"},\"sameAs\":[\"https:\/\/www.facebook.com\/mobiledekor\",\"https:\/\/www.instagram.com\/mobiledekor\",\"https:\/\/www.linkedin.com\/company\/mobiledekor\/about\/\"]}]}<\/script>\n<!-- \/ Yoast SEO Premium plugin. -->","yoast_head_json":{"title":"Beispielseite - Mobile Dekor","robots":{"index":"index","follow":"follow","max-snippet":"max-snippet:-1","max-image-preview":"max-image-preview:large","max-video-preview":"max-video-preview:-1"},"canonical":"https:\/\/mobiledekor.com\/de\/beispielseite\/","og_locale":"de_DE","og_type":"article","og_title":"Beispielseite","og_description":"Dies ist eine Beispielseite. Der Unterschied zu einem Blog-Beitrag besteht darin, dass er an einem Ort verbleibt und in der Navigation Ihrer Website angezeigt wird (in den meisten Themes). Die meisten Leute beginnen mit einer About-Seite, die sie potenziellen Website-Besuchern vorstellt. Es k\u00f6nnte etwa so lauten: Hallo! Tags\u00fcber bin ich Fahrradkurier, nachts angehender Schauspieler, und [&hellip;]","og_url":"https:\/\/mobiledekor.com\/de\/beispielseite\/","og_site_name":"Mobile Dekor","article_publisher":"https:\/\/www.facebook.com\/mobiledekor","article_modified_time":"2024-11-04T14:54:42+00:00","twitter_card":"summary_large_image","twitter_misc":{"Gesch\u00e4tzte Lesezeit":"1\u00a0Minute"},"schema":{"@context":"https:\/\/schema.org","@graph":[{"@type":"WebPage","@id":"https:\/\/mobiledekor.com\/de\/beispielseite\/","url":"https:\/\/mobiledekor.com\/de\/beispielseite\/","name":"Beispielseite - Mobile Dekor","isPartOf":{"@id":"https:\/\/mobiledekor.com\/de\/#website"},"datePublished":"2023-10-18T21:13:34+00:00","dateModified":"2024-11-04T14:54:42+00:00","breadcrumb":{"@id":"https:\/\/mobiledekor.com\/de\/beispielseite\/#breadcrumb"},"inLanguage":"de","potentialAction":[{"@type":"ReadAction","target":["https:\/\/mobiledekor.com\/de\/beispielseite\/"]}]},{"@type":"BreadcrumbList","@id":"https:\/\/mobiledekor.com\/de\/beispielseite\/#breadcrumb","itemListElement":[{"@type":"ListItem","position":1,"name":"Home","item":"https:\/\/mobiledekor.com\/de\/"},{"@type":"ListItem","position":2,"name":"Beispielseite"}]},{"@type":"WebSite","@id":"https:\/\/mobiledekor.com\/de\/#website","url":"https:\/\/mobiledekor.com\/de\/","name":"Mobile Dekor","description":"Kuzhina moderne dhe dhoma gjumi","publisher":{"@id":"https:\/\/mobiledekor.com\/de\/#organization"},"potentialAction":[{"@type":"SearchAction","target":{"@type":"EntryPoint","urlTemplate":"https:\/\/mobiledekor.com\/de\/?s={search_term_string}"},"query-input":{"@type":"PropertyValueSpecification","valueRequired":true,"valueName":"search_term_string"}}],"inLanguage":"de"},{"@type":"Organization","@id":"https:\/\/mobiledekor.com\/de\/#organization","name":"Mobile Dekor","url":"https:\/\/mobiledekor.com\/de\/","logo":{"@type":"ImageObject","inLanguage":"de","@id":"https:\/\/mobiledekor.com\/de\/#\/schema\/logo\/image\/","url":"https:\/\/mobiledekor.com\/wp-content\/uploads\/2023\/10\/Mobile-Dekor-PNG-1.png","contentUrl":"https:\/\/mobiledekor.com\/wp-content\/uploads\/2023\/10\/Mobile-Dekor-PNG-1.png","width":2650,"height":385,"caption":"Mobile Dekor"},"image":{"@id":"https:\/\/mobiledekor.com\/de\/#\/schema\/logo\/image\/"},"sameAs":["https:\/\/www.facebook.com\/mobiledekor","https:\/\/www.instagram.com\/mobiledekor","https:\/\/www.linkedin.com\/company\/mobiledekor\/about\/"]}]}},"_links":{"self":[{"href":"https:\/\/mobiledekor.com\/de\/wp-json\/wp\/v2\/pages\/9877","targetHints":{"allow":["GET"]}}],"collection":[{"href":"https:\/\/mobiledekor.com\/de\/wp-json\/wp\/v2\/pages"}],"about":[{"href":"https:\/\/mobiledekor.com\/de\/wp-json\/wp\/v2\/types\/page"}],"author":[{"embeddable":true,"href":"https:\/\/mobiledekor.com\/de\/wp-json\/wp\/v2\/users\/1"}],"replies":[{"embeddable":true,"href":"https:\/\/mobiledekor.com\/de\/wp-json\/wp\/v2\/comments?post=9877"}],"version-history":[{"count":2,"href":"https:\/\/mobiledekor.com\/de\/wp-json\/wp\/v2\/pages\/9877\/revisions"}],"predecessor-version":[{"id":9905,"href":"https:\/\/mobiledekor.com\/de\/wp-json\/wp\/v2\/pages\/9877\/revisions\/9905"}],"wp:attachment":[{"href":"https:\/\/mobiledekor.com\/de\/wp-json\/wp\/v2\/media?parent=9877"}],"curies":[{"name":"wp","href":"https:\/\/api.w.org\/{rel}","templated":true}]}}