{"id":10413,"date":"2021-04-19T15:47:57","date_gmt":"2021-04-19T15:47:57","guid":{"rendered":"https:\/\/mobiledekor.com\/our-team\/"},"modified":"2026-01-15T15:27:11","modified_gmt":"2026-01-15T15:27:11","slug":"our-team","status":"publish","type":"page","link":"https:\/\/mobiledekor.com\/en\/our-team\/","title":{"rendered":"Our team"},"content":{"rendered":"\t\t<div data-elementor-type=\"wp-page\" data-elementor-id=\"10413\" class=\"elementor elementor-10413 elementor-1785\" data-elementor-post-type=\"page\">\n\t\t\t\t\t\t<section class=\"elementor-section elementor-top-section elementor-element elementor-element-655faa6 elementor-section-full_width qodef-elementor-content-grid elementor-section-height-default elementor-section-height-default qodef-elementor-overlay-no\" data-id=\"655faa6\" data-element_type=\"section\">\n\t\t\t\t\t\t<div class=\"elementor-container elementor-column-gap-default\">\n\t\t\t\t\t<div class=\"elementor-column elementor-col-100 elementor-top-column elementor-element elementor-element-b359184\" data-id=\"b359184\" data-element_type=\"column\">\n\t\t\t<div class=\"elementor-widget-wrap elementor-element-populated\">\n\t\t\t\t\t\t<div class=\"elementor-element elementor-element-279939e elementor-widget elementor-widget-tobel_core_section_title\" data-id=\"279939e\" data-element_type=\"widget\" data-widget_type=\"tobel_core_section_title.default\">\n\t\t\t\t<div class=\"elementor-widget-container\">\n\t\t\t\t\t<div class=\"qodef-shortcode qodef-m  qodef-section-title qodef-alignment--left qodef-title-break--disabled\">\n\t\t\t<h3 class=\"qodef-m-title\" >\n\t\t\t\t\tTe jesh pjes\u00eb e<br \/> Mobile Dekor \u00ebsht\u00eb p\u00ebrgjegj\u00ebsi dhe privilegj\t\t\t<\/h3>\n\t<\/div>\n\t\t\t\t<\/div>\n\t\t\t\t<\/div>\n\t\t\t\t\t<\/div>\n\t\t<\/div>\n\t\t\t\t\t<\/div>\n\t\t<\/section>\n\t\t<div class=\"elementor-element elementor-element-cc6d016 e-flex e-con-boxed e-con e-parent\" data-id=\"cc6d016\" data-element_type=\"container\">\n\t\t\t\t\t<div class=\"e-con-inner\">\n\t\t\t\t<div class=\"elementor-element elementor-element-46dfeba elementor-hidden-desktop elementor-hidden-tablet elementor-hidden-mobile elementor-widget elementor-widget-tobel_core_team_list\" data-id=\"46dfeba\" data-element_type=\"widget\" data-widget_type=\"tobel_core_team_list.default\">\n\t\t\t\t<div class=\"elementor-widget-container\">\n\t\t\t\t\t<div class=\"qodef-shortcode qodef-m  qodef-team-list qodef-item-layout--info-below qodef-grid qodef-layout--columns  qodef-gutter--normal qodef-col-num--4  qodef-item-layout--info-below qodef--no-bottom-space qodef-pagination--off qodef-responsive--predefined\" data-options=\"{&quot;plugin&quot;:&quot;tobel_core&quot;,&quot;module&quot;:&quot;post-types\\\/team\\\/shortcodes&quot;,&quot;shortcode&quot;:&quot;team-list&quot;,&quot;post_type&quot;:&quot;team&quot;,&quot;next_page&quot;:&quot;2&quot;,&quot;max_pages_num&quot;:1,&quot;behavior&quot;:&quot;columns&quot;,&quot;images_proportion&quot;:&quot;full&quot;,&quot;columns&quot;:&quot;4&quot;,&quot;columns_responsive&quot;:&quot;predefined&quot;,&quot;space&quot;:&quot;normal&quot;,&quot;posts_per_page&quot;:&quot;20&quot;,&quot;orderby&quot;:&quot;date&quot;,&quot;order&quot;:&quot;DESC&quot;,&quot;layout&quot;:&quot;info-below&quot;,&quot;title_tag&quot;:&quot;h4&quot;,&quot;pagination_type&quot;:&quot;no-pagination&quot;,&quot;object_class_name&quot;:&quot;TobelCore_Team_List_Shortcode&quot;,&quot;taxonomy_filter&quot;:&quot;team-category&quot;,&quot;additional_query_args&quot;:[],&quot;item_classes&quot;:&quot;qodef-e qodef-grid-item &quot;,&quot;space_value&quot;:15}\">\n\t\t<div class=\"qodef-grid-inner clear\">\n\t\t<div class=\"qodef-e qodef-grid-item  post-1813 team type-team status-publish has-post-thumbnail hentry team-category-office\">\n\t<div class=\"qodef-e-inner\">\n\t\t<div class=\"qodef-e-image\">\n\t\t\t\t<div class=\"qodef-e-media-image\">\n\t\t\t\t\t<img fetchpriority=\"high\" decoding=\"async\" width=\"500\" height=\"500\" src=\"https:\/\/mobiledekor.com\/wp-content\/uploads\/2021\/04\/Untitled-design-2.png\" class=\"attachment-full size-full wp-post-image\" alt=\"Mentor Zeka, CEO i mobile dekor\" srcset=\"https:\/\/mobiledekor.com\/wp-content\/uploads\/2021\/04\/Untitled-design-2.png 500w, https:\/\/mobiledekor.com\/wp-content\/uploads\/2021\/04\/Untitled-design-2-300x300.png 300w, https:\/\/mobiledekor.com\/wp-content\/uploads\/2021\/04\/Untitled-design-2-150x150.png 150w\" sizes=\"(max-width: 500px) 100vw, 500px\" \/>\t\t\t<\/div>\n\t\t\t\t\t<\/div>\n\t\t<div class=\"qodef-e-content\" >\n\t\t\t<h4 itemprop=\"name\" class=\"qodef-e-title entry-title\" >\n\t\t\tMentor Zeka\t<\/h4>\n\t\t\t\t<p class=\"qodef-e-role\">CEO<\/p>\n\t\t\t\t\t<\/div>\n\t<\/div>\n<\/div>\n\t<\/div>\n\t<\/div>\n\t\t\t\t<\/div>\n\t\t\t\t<\/div>\n\t\t\t\t<div class=\"elementor-element elementor-element-63ae2f9 elementor-widget elementor-widget-accordion\" data-id=\"63ae2f9\" data-element_type=\"widget\" data-widget_type=\"accordion.default\">\n\t\t\t\t<div class=\"elementor-widget-container\">\n\t\t\t\t\t\t\t<div class=\"elementor-accordion\">\n\t\t\t\t\t\t\t<div class=\"elementor-accordion-item\">\n\t\t\t\t\t<div id=\"elementor-tab-title-1041\" class=\"elementor-tab-title\" data-tab=\"1\" role=\"button\" aria-controls=\"elementor-tab-content-1041\" aria-expanded=\"false\">\n\t\t\t\t\t\t\t\t\t\t\t\t\t<span class=\"elementor-accordion-icon elementor-accordion-icon-left\" aria-hidden=\"true\">\n\t\t\t\t\t\t\t\t\t\t\t\t\t\t\t<span class=\"elementor-accordion-icon-closed\"><i class=\"fas fa-plus\"><\/i><\/span>\n\t\t\t\t\t\t\t\t<span class=\"elementor-accordion-icon-opened\"><i class=\"fas fa-minus\"><\/i><\/span>\n\t\t\t\t\t\t\t\t\t\t\t\t\t\t<\/span>\n\t\t\t\t\t\t\t\t\t\t\t\t<a class=\"elementor-accordion-title\" tabindex=\"0\">Arben Zeka<\/a>\n\t\t\t\t\t<\/div>\n\t\t\t\t\t<div id=\"elementor-tab-content-1041\" class=\"elementor-tab-content elementor-clearfix\" data-tab=\"1\" role=\"region\" aria-labelledby=\"elementor-tab-title-1041\"><p>owner<a href=\"https:\/\/mobiledekor.com\/en\/arben_zeka-2\/\" rel=\"attachment wp-att-7479\"><img decoding=\"async\" class=\"aligncenter size-medium wp-image-7479\" src=\"https:\/\/mobiledekor.com\/wp-content\/uploads\/2024\/07\/arben_zeka-300x300.png\" alt=\"Arben Zeka, owner of furniture decor\" width=\"300\" height=\"300\" srcset=\"https:\/\/mobiledekor.com\/wp-content\/uploads\/2024\/07\/arben_zeka-300x300.png 300w, https:\/\/mobiledekor.com\/wp-content\/uploads\/2024\/07\/arben_zeka-150x150.png 150w, https:\/\/mobiledekor.com\/wp-content\/uploads\/2024\/07\/arben_zeka.png 497w\" sizes=\"(max-width: 300px) 100vw, 300px\" \/><\/a><\/p>\n<\/div>\n\t\t\t\t<\/div>\n\t\t\t\t\t\t\t<div class=\"elementor-accordion-item\">\n\t\t\t\t\t<div id=\"elementor-tab-title-1042\" class=\"elementor-tab-title\" data-tab=\"2\" role=\"button\" aria-controls=\"elementor-tab-content-1042\" aria-expanded=\"false\">\n\t\t\t\t\t\t\t\t\t\t\t\t\t<span class=\"elementor-accordion-icon elementor-accordion-icon-left\" aria-hidden=\"true\">\n\t\t\t\t\t\t\t\t\t\t\t\t\t\t\t<span class=\"elementor-accordion-icon-closed\"><i class=\"fas fa-plus\"><\/i><\/span>\n\t\t\t\t\t\t\t\t<span class=\"elementor-accordion-icon-opened\"><i class=\"fas fa-minus\"><\/i><\/span>\n\t\t\t\t\t\t\t\t\t\t\t\t\t\t<\/span>\n\t\t\t\t\t\t\t\t\t\t\t\t<a class=\"elementor-accordion-title\" tabindex=\"0\">Mentor Zeka<\/a>\n\t\t\t\t\t<\/div>\n\t\t\t\t\t<div id=\"elementor-tab-content-1042\" class=\"elementor-tab-content elementor-clearfix\" data-tab=\"2\" role=\"region\" aria-labelledby=\"elementor-tab-title-1042\"><p><a href=\"https:\/\/mobiledekor.com\/en\/mentor_zeka-2\/\" rel=\"attachment wp-att-7481\">owner<img decoding=\"async\" class=\"aligncenter size-medium wp-image-7481\" src=\"https:\/\/mobiledekor.com\/wp-content\/uploads\/2024\/07\/Mentor_zeka-300x300.png\" alt=\"Mentor Zeka, owner of mobile decor in Switzerland\" width=\"300\" height=\"300\" srcset=\"https:\/\/mobiledekor.com\/wp-content\/uploads\/2024\/07\/Mentor_zeka-300x300.png 300w, https:\/\/mobiledekor.com\/wp-content\/uploads\/2024\/07\/Mentor_zeka-150x150.png 150w, https:\/\/mobiledekor.com\/wp-content\/uploads\/2024\/07\/Mentor_zeka.png 497w\" sizes=\"(max-width: 300px) 100vw, 300px\" \/><\/a><\/p>\n<\/div>\n\t\t\t\t<\/div>\n\t\t\t\t\t\t\t<div class=\"elementor-accordion-item\">\n\t\t\t\t\t<div id=\"elementor-tab-title-1043\" class=\"elementor-tab-title\" data-tab=\"3\" role=\"button\" aria-controls=\"elementor-tab-content-1043\" aria-expanded=\"false\">\n\t\t\t\t\t\t\t\t\t\t\t\t\t<span class=\"elementor-accordion-icon elementor-accordion-icon-left\" aria-hidden=\"true\">\n\t\t\t\t\t\t\t\t\t\t\t\t\t\t\t<span class=\"elementor-accordion-icon-closed\"><i class=\"fas fa-plus\"><\/i><\/span>\n\t\t\t\t\t\t\t\t<span class=\"elementor-accordion-icon-opened\"><i class=\"fas fa-minus\"><\/i><\/span>\n\t\t\t\t\t\t\t\t\t\t\t\t\t\t<\/span>\n\t\t\t\t\t\t\t\t\t\t\t\t<a class=\"elementor-accordion-title\" tabindex=\"0\">Bleon Zeka<\/a>\n\t\t\t\t\t<\/div>\n\t\t\t\t\t<div id=\"elementor-tab-content-1043\" class=\"elementor-tab-content elementor-clearfix\" data-tab=\"3\" role=\"region\" aria-labelledby=\"elementor-tab-title-1043\"><p><a href=\"https:\/\/mobiledekor.com\/en\/bleon_zeka_ceo-2\/\" rel=\"attachment wp-att-7482\">CEO &#8211; Mobile Decor<img loading=\"lazy\" decoding=\"async\" class=\"aligncenter size-medium wp-image-7482\" src=\"https:\/\/mobiledekor.com\/wp-content\/uploads\/2024\/07\/Bleon_zeka_ceo-300x300.png\" alt=\"Bleon Zeka CEO of Mobile Dekor\" width=\"300\" height=\"300\" srcset=\"https:\/\/mobiledekor.com\/wp-content\/uploads\/2024\/07\/Bleon_zeka_ceo-300x300.png 300w, https:\/\/mobiledekor.com\/wp-content\/uploads\/2024\/07\/Bleon_zeka_ceo-150x150.png 150w, https:\/\/mobiledekor.com\/wp-content\/uploads\/2024\/07\/Bleon_zeka_ceo.png 497w\" sizes=\"(max-width: 300px) 100vw, 300px\" \/><\/a><\/p>\n<\/div>\n\t\t\t\t<\/div>\n\t\t\t\t\t\t\t<div class=\"elementor-accordion-item\">\n\t\t\t\t\t<div id=\"elementor-tab-title-1044\" class=\"elementor-tab-title\" data-tab=\"4\" role=\"button\" aria-controls=\"elementor-tab-content-1044\" aria-expanded=\"false\">\n\t\t\t\t\t\t\t\t\t\t\t\t\t<span class=\"elementor-accordion-icon elementor-accordion-icon-left\" aria-hidden=\"true\">\n\t\t\t\t\t\t\t\t\t\t\t\t\t\t\t<span class=\"elementor-accordion-icon-closed\"><i class=\"fas fa-plus\"><\/i><\/span>\n\t\t\t\t\t\t\t\t<span class=\"elementor-accordion-icon-opened\"><i class=\"fas fa-minus\"><\/i><\/span>\n\t\t\t\t\t\t\t\t\t\t\t\t\t\t<\/span>\n\t\t\t\t\t\t\t\t\t\t\t\t<a class=\"elementor-accordion-title\" tabindex=\"0\">Anita Zeka Zallqi<\/a>\n\t\t\t\t\t<\/div>\n\t\t\t\t\t<div id=\"elementor-tab-content-1044\" class=\"elementor-tab-content elementor-clearfix\" data-tab=\"4\" role=\"region\" aria-labelledby=\"elementor-tab-title-1044\"><p>Administration Manager<br \/><a href=\"https:\/\/mobiledekor.com\/en\/anita_zeka_zallqi-2\/\" rel=\"attachment wp-att-7483\"><img loading=\"lazy\" decoding=\"async\" class=\"aligncenter size-medium wp-image-7483\" src=\"https:\/\/mobiledekor.com\/wp-content\/uploads\/2024\/07\/Anita_zeka_zallqi-300x300.png\" alt=\"Anita Zeka Zallqi\" width=\"300\" height=\"300\" srcset=\"https:\/\/mobiledekor.com\/wp-content\/uploads\/2024\/07\/Anita_zeka_zallqi-300x300.png 300w, https:\/\/mobiledekor.com\/wp-content\/uploads\/2024\/07\/Anita_zeka_zallqi-150x150.png 150w, https:\/\/mobiledekor.com\/wp-content\/uploads\/2024\/07\/Anita_zeka_zallqi.png 497w\" sizes=\"(max-width: 300px) 100vw, 300px\" \/><\/a><\/p>\n<\/div>\n\t\t\t\t<\/div>\n\t\t\t\t\t\t\t<div class=\"elementor-accordion-item\">\n\t\t\t\t\t<div id=\"elementor-tab-title-1045\" class=\"elementor-tab-title\" data-tab=\"5\" role=\"button\" aria-controls=\"elementor-tab-content-1045\" aria-expanded=\"false\">\n\t\t\t\t\t\t\t\t\t\t\t\t\t<span class=\"elementor-accordion-icon elementor-accordion-icon-left\" aria-hidden=\"true\">\n\t\t\t\t\t\t\t\t\t\t\t\t\t\t\t<span class=\"elementor-accordion-icon-closed\"><i class=\"fas fa-plus\"><\/i><\/span>\n\t\t\t\t\t\t\t\t<span class=\"elementor-accordion-icon-opened\"><i class=\"fas fa-minus\"><\/i><\/span>\n\t\t\t\t\t\t\t\t\t\t\t\t\t\t<\/span>\n\t\t\t\t\t\t\t\t\t\t\t\t<a class=\"elementor-accordion-title\" tabindex=\"0\">Maloku flag<\/a>\n\t\t\t\t\t<\/div>\n\t\t\t\t\t<div id=\"elementor-tab-content-1045\" class=\"elementor-tab-content elementor-clearfix\" data-tab=\"5\" role=\"region\" aria-labelledby=\"elementor-tab-title-1045\"><div id=\":q1\" class=\"ii gt\">\n<div id=\":pf\" class=\"a3s aiL \">\n<div dir=\"ltr\">Sales manager<\/div>\n<\/div>\n<\/div>\n<p><a href=\"https:\/\/mobiledekor.com\/en\/flamur-2\/\" rel=\"attachment wp-att-7489\"><img loading=\"lazy\" decoding=\"async\" class=\"aligncenter size-medium wp-image-7489\" src=\"https:\/\/mobiledekor.com\/wp-content\/uploads\/2024\/07\/flamur-300x300.png\" alt=\"Maloku flag\" width=\"300\" height=\"300\" srcset=\"https:\/\/mobiledekor.com\/wp-content\/uploads\/2024\/07\/flamur-300x300.png 300w, https:\/\/mobiledekor.com\/wp-content\/uploads\/2024\/07\/flamur-150x150.png 150w, https:\/\/mobiledekor.com\/wp-content\/uploads\/2024\/07\/flamur.png 497w\" sizes=\"(max-width: 300px) 100vw, 300px\" \/><\/a><\/p>\n<\/div>\n\t\t\t\t<\/div>\n\t\t\t\t\t\t\t<div class=\"elementor-accordion-item\">\n\t\t\t\t\t<div id=\"elementor-tab-title-1046\" class=\"elementor-tab-title\" data-tab=\"6\" role=\"button\" aria-controls=\"elementor-tab-content-1046\" aria-expanded=\"false\">\n\t\t\t\t\t\t\t\t\t\t\t\t\t<span class=\"elementor-accordion-icon elementor-accordion-icon-left\" aria-hidden=\"true\">\n\t\t\t\t\t\t\t\t\t\t\t\t\t\t\t<span class=\"elementor-accordion-icon-closed\"><i class=\"fas fa-plus\"><\/i><\/span>\n\t\t\t\t\t\t\t\t<span class=\"elementor-accordion-icon-opened\"><i class=\"fas fa-minus\"><\/i><\/span>\n\t\t\t\t\t\t\t\t\t\t\t\t\t\t<\/span>\n\t\t\t\t\t\t\t\t\t\t\t\t<a class=\"elementor-accordion-title\" tabindex=\"0\">Granit Zallqi<\/a>\n\t\t\t\t\t<\/div>\n\t\t\t\t\t<div id=\"elementor-tab-content-1046\" class=\"elementor-tab-content elementor-clearfix\" data-tab=\"6\" role=\"region\" aria-labelledby=\"elementor-tab-title-1046\"><p>Production manager<br \/><a href=\"https:\/\/mobiledekor.com\/en\/granit-2\/\" rel=\"attachment wp-att-7490\"><img loading=\"lazy\" decoding=\"async\" class=\"aligncenter size-medium wp-image-7490\" src=\"https:\/\/mobiledekor.com\/wp-content\/uploads\/2024\/07\/granit-300x300.png\" alt=\"Granit Zallqi\" width=\"300\" height=\"300\" srcset=\"https:\/\/mobiledekor.com\/wp-content\/uploads\/2024\/07\/granit-300x300.png 300w, https:\/\/mobiledekor.com\/wp-content\/uploads\/2024\/07\/granit-150x150.png 150w, https:\/\/mobiledekor.com\/wp-content\/uploads\/2024\/07\/granit.png 497w\" sizes=\"(max-width: 300px) 100vw, 300px\" \/><\/a><\/p>\n<\/div>\n\t\t\t\t<\/div>\n\t\t\t\t\t\t\t\t<\/div>\n\t\t\t\t\t\t<\/div>\n\t\t\t\t<\/div>\n\t\t\t\t\t<\/div>\n\t\t\t\t<\/div>\n\t\t<div class=\"elementor-element elementor-element-44b7a46 e-flex e-con-boxed e-con e-parent\" data-id=\"44b7a46\" data-element_type=\"container\">\n\t\t\t\t\t<div class=\"e-con-inner\">\n\t\t\t\t<div class=\"elementor-element elementor-element-86a6784 elementor-widget elementor-widget-video\" data-id=\"86a6784\" data-element_type=\"widget\" data-settings=\"{&quot;youtube_url&quot;:&quot;https:\\\/\\\/www.youtube.com\\\/watch?v=Fj1O1o5HGcQ&quot;,&quot;video_type&quot;:&quot;youtube&quot;,&quot;controls&quot;:&quot;yes&quot;}\" data-widget_type=\"video.default\">\n\t\t\t\t<div class=\"elementor-widget-container\">\n\t\t\t\t\t\t\t<div class=\"elementor-wrapper elementor-open-inline\">\n\t\t\t<div class=\"elementor-video\"><\/div>\t\t<\/div>\n\t\t\t\t\t\t<\/div>\n\t\t\t\t<\/div>\n\t\t\t\t\t<\/div>\n\t\t\t\t<\/div>\n\t\t\t\t<\/div>\n\t\t","protected":false},"excerpt":{"rendered":"<p>Te jesh pjes\u00eb e Mobile Dekor \u00ebsht\u00eb p\u00ebrgjegj\u00ebsi dhe privilegj Mentor Zeka CEO Arben Zeka owner Mentor Zeka owner Bleon Zeka CEO &#8211; Mobile Decor Anita Zeka Zallqi Administration Manager Maloku flag Sales manager Granit Zallqi Production manager<\/p>\n","protected":false},"author":1,"featured_media":0,"parent":0,"menu_order":0,"comment_status":"closed","ping_status":"closed","template":"page-full-width.php","meta":{"footnotes":""},"class_list":["post-10413","page","type-page","status-publish","hentry"],"yoast_head":"<!-- This site is optimized with the Yoast SEO Premium plugin v22.1 (Yoast SEO v26.7) - https:\/\/yoast.com\/wordpress\/plugins\/seo\/ -->\n<title>Our team - Mobile Dekor<\/title>\n<meta name=\"description\" content=\"Our team\" \/>\n<meta name=\"robots\" content=\"index, follow, max-snippet:-1, max-image-preview:large, max-video-preview:-1\" \/>\n<link rel=\"canonical\" href=\"https:\/\/mobiledekor.com\/en\/our-team\/\" \/>\n<meta property=\"og:locale\" content=\"en_US\" \/>\n<meta property=\"og:type\" content=\"article\" \/>\n<meta property=\"og:title\" content=\"Our team\" \/>\n<meta property=\"og:description\" content=\"Our team\" \/>\n<meta property=\"og:url\" content=\"https:\/\/mobiledekor.com\/en\/our-team\/\" \/>\n<meta property=\"og:site_name\" content=\"Mobile Dekor\" \/>\n<meta property=\"article:publisher\" content=\"https:\/\/www.facebook.com\/mobiledekor\" \/>\n<meta property=\"article:modified_time\" content=\"2026-01-15T15:27:11+00:00\" \/>\n<meta property=\"og:image\" content=\"https:\/\/mobiledekor.com\/wp-content\/uploads\/2021\/04\/Untitled-design-2.png\" \/>\n<meta name=\"twitter:card\" content=\"summary_large_image\" \/>\n<script type=\"application\/ld+json\" class=\"yoast-schema-graph\">{\"@context\":\"https:\/\/schema.org\",\"@graph\":[{\"@type\":\"WebPage\",\"@id\":\"https:\/\/mobiledekor.com\/en\/our-team\/\",\"url\":\"https:\/\/mobiledekor.com\/en\/our-team\/\",\"name\":\"Our team - Mobile Dekor\",\"isPartOf\":{\"@id\":\"https:\/\/mobiledekor.com\/en\/#website\"},\"primaryImageOfPage\":{\"@id\":\"https:\/\/mobiledekor.com\/en\/our-team\/#primaryimage\"},\"image\":{\"@id\":\"https:\/\/mobiledekor.com\/en\/our-team\/#primaryimage\"},\"thumbnailUrl\":\"https:\/\/mobiledekor.com\/wp-content\/uploads\/2021\/04\/Untitled-design-2.png\",\"datePublished\":\"2021-04-19T15:47:57+00:00\",\"dateModified\":\"2026-01-15T15:27:11+00:00\",\"description\":\"Our team\",\"breadcrumb\":{\"@id\":\"https:\/\/mobiledekor.com\/en\/our-team\/#breadcrumb\"},\"inLanguage\":\"en-US\",\"potentialAction\":[{\"@type\":\"ReadAction\",\"target\":[\"https:\/\/mobiledekor.com\/en\/our-team\/\"]}]},{\"@type\":\"ImageObject\",\"inLanguage\":\"en-US\",\"@id\":\"https:\/\/mobiledekor.com\/en\/our-team\/#primaryimage\",\"url\":\"https:\/\/mobiledekor.com\/wp-content\/uploads\/2021\/04\/Untitled-design-2.png\",\"contentUrl\":\"https:\/\/mobiledekor.com\/wp-content\/uploads\/2021\/04\/Untitled-design-2.png\"},{\"@type\":\"BreadcrumbList\",\"@id\":\"https:\/\/mobiledekor.com\/en\/our-team\/#breadcrumb\",\"itemListElement\":[{\"@type\":\"ListItem\",\"position\":1,\"name\":\"Home\",\"item\":\"https:\/\/mobiledekor.com\/en\/\"},{\"@type\":\"ListItem\",\"position\":2,\"name\":\"Our team\"}]},{\"@type\":\"WebSite\",\"@id\":\"https:\/\/mobiledekor.com\/en\/#website\",\"url\":\"https:\/\/mobiledekor.com\/en\/\",\"name\":\"Mobile Dekor\",\"description\":\"Kuzhina moderne dhe dhoma gjumi\",\"publisher\":{\"@id\":\"https:\/\/mobiledekor.com\/en\/#organization\"},\"potentialAction\":[{\"@type\":\"SearchAction\",\"target\":{\"@type\":\"EntryPoint\",\"urlTemplate\":\"https:\/\/mobiledekor.com\/en\/?s={search_term_string}\"},\"query-input\":{\"@type\":\"PropertyValueSpecification\",\"valueRequired\":true,\"valueName\":\"search_term_string\"}}],\"inLanguage\":\"en-US\"},{\"@type\":\"Organization\",\"@id\":\"https:\/\/mobiledekor.com\/en\/#organization\",\"name\":\"Mobile Dekor\",\"url\":\"https:\/\/mobiledekor.com\/en\/\",\"logo\":{\"@type\":\"ImageObject\",\"inLanguage\":\"en-US\",\"@id\":\"https:\/\/mobiledekor.com\/en\/#\/schema\/logo\/image\/\",\"url\":\"https:\/\/mobiledekor.com\/wp-content\/uploads\/2023\/10\/Mobile-Dekor-PNG-1.png\",\"contentUrl\":\"https:\/\/mobiledekor.com\/wp-content\/uploads\/2023\/10\/Mobile-Dekor-PNG-1.png\",\"width\":2650,\"height\":385,\"caption\":\"Mobile Dekor\"},\"image\":{\"@id\":\"https:\/\/mobiledekor.com\/en\/#\/schema\/logo\/image\/\"},\"sameAs\":[\"https:\/\/www.facebook.com\/mobiledekor\",\"https:\/\/www.instagram.com\/mobiledekor\",\"https:\/\/www.linkedin.com\/company\/mobiledekor\/about\/\"]}]}<\/script>\n<!-- \/ Yoast SEO Premium plugin. -->","yoast_head_json":{"title":"Our team - Mobile Dekor","description":"Our team","robots":{"index":"index","follow":"follow","max-snippet":"max-snippet:-1","max-image-preview":"max-image-preview:large","max-video-preview":"max-video-preview:-1"},"canonical":"https:\/\/mobiledekor.com\/en\/our-team\/","og_locale":"en_US","og_type":"article","og_title":"Our team","og_description":"Our team","og_url":"https:\/\/mobiledekor.com\/en\/our-team\/","og_site_name":"Mobile Dekor","article_publisher":"https:\/\/www.facebook.com\/mobiledekor","article_modified_time":"2026-01-15T15:27:11+00:00","og_image":[{"url":"https:\/\/mobiledekor.com\/wp-content\/uploads\/2021\/04\/Untitled-design-2.png","type":"","width":"","height":""}],"twitter_card":"summary_large_image","schema":{"@context":"https:\/\/schema.org","@graph":[{"@type":"WebPage","@id":"https:\/\/mobiledekor.com\/en\/our-team\/","url":"https:\/\/mobiledekor.com\/en\/our-team\/","name":"Our team - Mobile Dekor","isPartOf":{"@id":"https:\/\/mobiledekor.com\/en\/#website"},"primaryImageOfPage":{"@id":"https:\/\/mobiledekor.com\/en\/our-team\/#primaryimage"},"image":{"@id":"https:\/\/mobiledekor.com\/en\/our-team\/#primaryimage"},"thumbnailUrl":"https:\/\/mobiledekor.com\/wp-content\/uploads\/2021\/04\/Untitled-design-2.png","datePublished":"2021-04-19T15:47:57+00:00","dateModified":"2026-01-15T15:27:11+00:00","description":"Our team","breadcrumb":{"@id":"https:\/\/mobiledekor.com\/en\/our-team\/#breadcrumb"},"inLanguage":"en-US","potentialAction":[{"@type":"ReadAction","target":["https:\/\/mobiledekor.com\/en\/our-team\/"]}]},{"@type":"ImageObject","inLanguage":"en-US","@id":"https:\/\/mobiledekor.com\/en\/our-team\/#primaryimage","url":"https:\/\/mobiledekor.com\/wp-content\/uploads\/2021\/04\/Untitled-design-2.png","contentUrl":"https:\/\/mobiledekor.com\/wp-content\/uploads\/2021\/04\/Untitled-design-2.png"},{"@type":"BreadcrumbList","@id":"https:\/\/mobiledekor.com\/en\/our-team\/#breadcrumb","itemListElement":[{"@type":"ListItem","position":1,"name":"Home","item":"https:\/\/mobiledekor.com\/en\/"},{"@type":"ListItem","position":2,"name":"Our team"}]},{"@type":"WebSite","@id":"https:\/\/mobiledekor.com\/en\/#website","url":"https:\/\/mobiledekor.com\/en\/","name":"Mobile Dekor","description":"Kuzhina moderne dhe dhoma gjumi","publisher":{"@id":"https:\/\/mobiledekor.com\/en\/#organization"},"potentialAction":[{"@type":"SearchAction","target":{"@type":"EntryPoint","urlTemplate":"https:\/\/mobiledekor.com\/en\/?s={search_term_string}"},"query-input":{"@type":"PropertyValueSpecification","valueRequired":true,"valueName":"search_term_string"}}],"inLanguage":"en-US"},{"@type":"Organization","@id":"https:\/\/mobiledekor.com\/en\/#organization","name":"Mobile Dekor","url":"https:\/\/mobiledekor.com\/en\/","logo":{"@type":"ImageObject","inLanguage":"en-US","@id":"https:\/\/mobiledekor.com\/en\/#\/schema\/logo\/image\/","url":"https:\/\/mobiledekor.com\/wp-content\/uploads\/2023\/10\/Mobile-Dekor-PNG-1.png","contentUrl":"https:\/\/mobiledekor.com\/wp-content\/uploads\/2023\/10\/Mobile-Dekor-PNG-1.png","width":2650,"height":385,"caption":"Mobile Dekor"},"image":{"@id":"https:\/\/mobiledekor.com\/en\/#\/schema\/logo\/image\/"},"sameAs":["https:\/\/www.facebook.com\/mobiledekor","https:\/\/www.instagram.com\/mobiledekor","https:\/\/www.linkedin.com\/company\/mobiledekor\/about\/"]}]}},"_links":{"self":[{"href":"https:\/\/mobiledekor.com\/en\/wp-json\/wp\/v2\/pages\/10413","targetHints":{"allow":["GET"]}}],"collection":[{"href":"https:\/\/mobiledekor.com\/en\/wp-json\/wp\/v2\/pages"}],"about":[{"href":"https:\/\/mobiledekor.com\/en\/wp-json\/wp\/v2\/types\/page"}],"author":[{"embeddable":true,"href":"https:\/\/mobiledekor.com\/en\/wp-json\/wp\/v2\/users\/1"}],"replies":[{"embeddable":true,"href":"https:\/\/mobiledekor.com\/en\/wp-json\/wp\/v2\/comments?post=10413"}],"version-history":[{"count":7,"href":"https:\/\/mobiledekor.com\/en\/wp-json\/wp\/v2\/pages\/10413\/revisions"}],"predecessor-version":[{"id":11032,"href":"https:\/\/mobiledekor.com\/en\/wp-json\/wp\/v2\/pages\/10413\/revisions\/11032"}],"wp:attachment":[{"href":"https:\/\/mobiledekor.com\/en\/wp-json\/wp\/v2\/media?parent=10413"}],"curies":[{"name":"wp","href":"https:\/\/api.w.org\/{rel}","templated":true}]}}