{"id":10692,"date":"2025-09-11T23:39:44","date_gmt":"2025-09-11T23:39:44","guid":{"rendered":"https:\/\/mobiledekor.com\/carte-2\/"},"modified":"2025-09-11T23:40:43","modified_gmt":"2025-09-11T23:40:43","slug":"carte-2","status":"publish","type":"page","link":"https:\/\/mobiledekor.com\/fr\/carte-2\/","title":{"rendered":"carte"},"content":{"rendered":"\n<div data-block-name=\"woocommerce\/cart\" class=\"wp-block-woocommerce-cart alignwide is-loading\">\n<div data-block-name=\"woocommerce\/filled-cart-block\" class=\"wp-block-woocommerce-filled-cart-block\">\n<div data-block-name=\"woocommerce\/cart-items-block\" class=\"wp-block-woocommerce-cart-items-block\">\n<div data-block-name=\"woocommerce\/cart-line-items-block\" class=\"wp-block-woocommerce-cart-line-items-block\"><\/div>\n\n\n\n<div data-block-name=\"woocommerce\/cart-cross-sells-block\" class=\"wp-block-woocommerce-cart-cross-sells-block\">\n<h2 class=\"wp-block-heading has-large-font-size\">Vous pourriez \u00eatre int\u00e9ress\u00e9 par\u2026<\/h2>\n\n\n\n<div data-block-name=\"woocommerce\/cart-cross-sells-products-block\" class=\"wp-block-woocommerce-cart-cross-sells-products-block\"><\/div>\n<\/div>\n<\/div>\n\n\n\n<div data-block-name=\"woocommerce\/cart-totals-block\" class=\"wp-block-woocommerce-cart-totals-block\">\n<div data-block-name=\"woocommerce\/cart-order-summary-block\" class=\"wp-block-woocommerce-cart-order-summary-block\">\n<div data-block-name=\"woocommerce\/cart-order-summary-heading-block\" class=\"wp-block-woocommerce-cart-order-summary-heading-block\"><\/div><div data-block-name=\"woocommerce\/cart-order-summary-coupon-form-block\" class=\"wp-block-woocommerce-cart-order-summary-coupon-form-block\"><\/div><div data-block-name=\"woocommerce\/cart-order-summary-totals-block\" class=\"wp-block-woocommerce-cart-order-summary-totals-block\">\n<div data-block-name=\"woocommerce\/cart-order-summary-subtotal-block\" class=\"wp-block-woocommerce-cart-order-summary-subtotal-block\"><\/div>\n<div data-block-name=\"woocommerce\/cart-order-summary-discount-block\" class=\"wp-block-woocommerce-cart-order-summary-discount-block\"><\/div>\n<div data-block-name=\"woocommerce\/cart-order-summary-fee-block\" class=\"wp-block-woocommerce-cart-order-summary-fee-block\"><\/div>\n<div data-block-name=\"woocommerce\/cart-order-summary-shipping-block\" class=\"wp-block-woocommerce-cart-order-summary-shipping-block\"><\/div>\n<div data-block-name=\"woocommerce\/cart-order-summary-taxes-block\" class=\"wp-block-woocommerce-cart-order-summary-taxes-block\"><\/div><\/div>\n<\/div>\n\n\n\n<div data-block-name=\"woocommerce\/cart-express-payment-block\" class=\"wp-block-woocommerce-cart-express-payment-block\"><\/div>\n\n\n\n<div data-block-name=\"woocommerce\/proceed-to-checkout-block\" class=\"wp-block-woocommerce-proceed-to-checkout-block\"><\/div>\n\n\n\n<div data-block-name=\"woocommerce\/cart-accepted-payment-methods-block\" class=\"wp-block-woocommerce-cart-accepted-payment-methods-block\"><\/div>\n<\/div>\n<\/div>\n\n\n\n<div data-block-name=\"woocommerce\/empty-cart-block\" class=\"wp-block-woocommerce-empty-cart-block\">\n<h2 class=\"wp-block-heading has-text-align-center with-empty-cart-icon wc-block-cart__empty-cart__title\">Votre panier est actuellement vide !<\/h2>\n\n\n\n<hr class=\"wp-block-separator has-alpha-channel-opacity is-style-dots\"\/>\n\n\n\n<h2 class=\"wp-block-heading has-text-align-center\">Nouveau en magasin<\/h2>\n\n\n<\/div>\n<\/div>\n","protected":false},"excerpt":{"rendered":"","protected":false},"author":1,"featured_media":0,"parent":0,"menu_order":0,"comment_status":"closed","ping_status":"closed","template":"","meta":{"footnotes":""},"class_list":["post-10692","page","type-page","status-publish","hentry"],"yoast_head":"<!-- This site is optimized with the Yoast SEO Premium plugin v22.1 (Yoast SEO v26.7) - https:\/\/yoast.com\/wordpress\/plugins\/seo\/ -->\n<title>carte - Mobile Dekor<\/title>\n<meta name=\"robots\" content=\"index, follow, max-snippet:-1, max-image-preview:large, max-video-preview:-1\" \/>\n<link rel=\"canonical\" href=\"https:\/\/mobiledekor.com\/fr\/carte-2\/\" \/>\n<meta property=\"og:locale\" content=\"fr_FR\" \/>\n<meta property=\"og:type\" content=\"article\" \/>\n<meta property=\"og:title\" content=\"carte\" \/>\n<meta property=\"og:url\" content=\"https:\/\/mobiledekor.com\/fr\/carte-2\/\" \/>\n<meta property=\"og:site_name\" content=\"Mobile Dekor\" \/>\n<meta property=\"article:publisher\" content=\"https:\/\/www.facebook.com\/mobiledekor\" \/>\n<meta property=\"article:modified_time\" content=\"2025-09-11T23:40:43+00:00\" \/>\n<meta name=\"twitter:card\" content=\"summary_large_image\" \/>\n<script type=\"application\/ld+json\" class=\"yoast-schema-graph\">{\"@context\":\"https:\/\/schema.org\",\"@graph\":[{\"@type\":\"WebPage\",\"@id\":\"https:\/\/mobiledekor.com\/fr\/carte-2\/\",\"url\":\"https:\/\/mobiledekor.com\/fr\/carte-2\/\",\"name\":\"carte - Mobile Dekor\",\"isPartOf\":{\"@id\":\"https:\/\/mobiledekor.com\/fr\/#website\"},\"datePublished\":\"2025-09-11T23:39:44+00:00\",\"dateModified\":\"2025-09-11T23:40:43+00:00\",\"breadcrumb\":{\"@id\":\"https:\/\/mobiledekor.com\/fr\/carte-2\/#breadcrumb\"},\"inLanguage\":\"fr-FR\",\"potentialAction\":[{\"@type\":\"ReadAction\",\"target\":[\"https:\/\/mobiledekor.com\/fr\/carte-2\/\"]}]},{\"@type\":\"BreadcrumbList\",\"@id\":\"https:\/\/mobiledekor.com\/fr\/carte-2\/#breadcrumb\",\"itemListElement\":[{\"@type\":\"ListItem\",\"position\":1,\"name\":\"Home\",\"item\":\"https:\/\/mobiledekor.com\/fr\/\"},{\"@type\":\"ListItem\",\"position\":2,\"name\":\"carte\"}]},{\"@type\":\"WebSite\",\"@id\":\"https:\/\/mobiledekor.com\/fr\/#website\",\"url\":\"https:\/\/mobiledekor.com\/fr\/\",\"name\":\"Mobile Dekor\",\"description\":\"Kuzhina moderne dhe dhoma gjumi\",\"publisher\":{\"@id\":\"https:\/\/mobiledekor.com\/fr\/#organization\"},\"potentialAction\":[{\"@type\":\"SearchAction\",\"target\":{\"@type\":\"EntryPoint\",\"urlTemplate\":\"https:\/\/mobiledekor.com\/fr\/?s={search_term_string}\"},\"query-input\":{\"@type\":\"PropertyValueSpecification\",\"valueRequired\":true,\"valueName\":\"search_term_string\"}}],\"inLanguage\":\"fr-FR\"},{\"@type\":\"Organization\",\"@id\":\"https:\/\/mobiledekor.com\/fr\/#organization\",\"name\":\"Mobile Dekor\",\"url\":\"https:\/\/mobiledekor.com\/fr\/\",\"logo\":{\"@type\":\"ImageObject\",\"inLanguage\":\"fr-FR\",\"@id\":\"https:\/\/mobiledekor.com\/fr\/#\/schema\/logo\/image\/\",\"url\":\"https:\/\/mobiledekor.com\/wp-content\/uploads\/2023\/10\/Mobile-Dekor-PNG-1.png\",\"contentUrl\":\"https:\/\/mobiledekor.com\/wp-content\/uploads\/2023\/10\/Mobile-Dekor-PNG-1.png\",\"width\":2650,\"height\":385,\"caption\":\"Mobile Dekor\"},\"image\":{\"@id\":\"https:\/\/mobiledekor.com\/fr\/#\/schema\/logo\/image\/\"},\"sameAs\":[\"https:\/\/www.facebook.com\/mobiledekor\",\"https:\/\/www.instagram.com\/mobiledekor\",\"https:\/\/www.linkedin.com\/company\/mobiledekor\/about\/\"]}]}<\/script>\n<!-- \/ Yoast SEO Premium plugin. -->","yoast_head_json":{"title":"carte - Mobile Dekor","robots":{"index":"index","follow":"follow","max-snippet":"max-snippet:-1","max-image-preview":"max-image-preview:large","max-video-preview":"max-video-preview:-1"},"canonical":"https:\/\/mobiledekor.com\/fr\/carte-2\/","og_locale":"fr_FR","og_type":"article","og_title":"carte","og_url":"https:\/\/mobiledekor.com\/fr\/carte-2\/","og_site_name":"Mobile Dekor","article_publisher":"https:\/\/www.facebook.com\/mobiledekor","article_modified_time":"2025-09-11T23:40:43+00:00","twitter_card":"summary_large_image","schema":{"@context":"https:\/\/schema.org","@graph":[{"@type":"WebPage","@id":"https:\/\/mobiledekor.com\/fr\/carte-2\/","url":"https:\/\/mobiledekor.com\/fr\/carte-2\/","name":"carte - Mobile Dekor","isPartOf":{"@id":"https:\/\/mobiledekor.com\/fr\/#website"},"datePublished":"2025-09-11T23:39:44+00:00","dateModified":"2025-09-11T23:40:43+00:00","breadcrumb":{"@id":"https:\/\/mobiledekor.com\/fr\/carte-2\/#breadcrumb"},"inLanguage":"fr-FR","potentialAction":[{"@type":"ReadAction","target":["https:\/\/mobiledekor.com\/fr\/carte-2\/"]}]},{"@type":"BreadcrumbList","@id":"https:\/\/mobiledekor.com\/fr\/carte-2\/#breadcrumb","itemListElement":[{"@type":"ListItem","position":1,"name":"Home","item":"https:\/\/mobiledekor.com\/fr\/"},{"@type":"ListItem","position":2,"name":"carte"}]},{"@type":"WebSite","@id":"https:\/\/mobiledekor.com\/fr\/#website","url":"https:\/\/mobiledekor.com\/fr\/","name":"Mobile Dekor","description":"Kuzhina moderne dhe dhoma gjumi","publisher":{"@id":"https:\/\/mobiledekor.com\/fr\/#organization"},"potentialAction":[{"@type":"SearchAction","target":{"@type":"EntryPoint","urlTemplate":"https:\/\/mobiledekor.com\/fr\/?s={search_term_string}"},"query-input":{"@type":"PropertyValueSpecification","valueRequired":true,"valueName":"search_term_string"}}],"inLanguage":"fr-FR"},{"@type":"Organization","@id":"https:\/\/mobiledekor.com\/fr\/#organization","name":"Mobile Dekor","url":"https:\/\/mobiledekor.com\/fr\/","logo":{"@type":"ImageObject","inLanguage":"fr-FR","@id":"https:\/\/mobiledekor.com\/fr\/#\/schema\/logo\/image\/","url":"https:\/\/mobiledekor.com\/wp-content\/uploads\/2023\/10\/Mobile-Dekor-PNG-1.png","contentUrl":"https:\/\/mobiledekor.com\/wp-content\/uploads\/2023\/10\/Mobile-Dekor-PNG-1.png","width":2650,"height":385,"caption":"Mobile Dekor"},"image":{"@id":"https:\/\/mobiledekor.com\/fr\/#\/schema\/logo\/image\/"},"sameAs":["https:\/\/www.facebook.com\/mobiledekor","https:\/\/www.instagram.com\/mobiledekor","https:\/\/www.linkedin.com\/company\/mobiledekor\/about\/"]}]}},"_links":{"self":[{"href":"https:\/\/mobiledekor.com\/fr\/wp-json\/wp\/v2\/pages\/10692","targetHints":{"allow":["GET"]}}],"collection":[{"href":"https:\/\/mobiledekor.com\/fr\/wp-json\/wp\/v2\/pages"}],"about":[{"href":"https:\/\/mobiledekor.com\/fr\/wp-json\/wp\/v2\/types\/page"}],"author":[{"embeddable":true,"href":"https:\/\/mobiledekor.com\/fr\/wp-json\/wp\/v2\/users\/1"}],"replies":[{"embeddable":true,"href":"https:\/\/mobiledekor.com\/fr\/wp-json\/wp\/v2\/comments?post=10692"}],"version-history":[{"count":1,"href":"https:\/\/mobiledekor.com\/fr\/wp-json\/wp\/v2\/pages\/10692\/revisions"}],"predecessor-version":[{"id":10696,"href":"https:\/\/mobiledekor.com\/fr\/wp-json\/wp\/v2\/pages\/10692\/revisions\/10696"}],"wp:attachment":[{"href":"https:\/\/mobiledekor.com\/fr\/wp-json\/wp\/v2\/media?parent=10692"}],"curies":[{"name":"wp","href":"https:\/\/api.w.org\/{rel}","templated":true}]}}