{"id":9883,"date":"2023-10-18T21:13:34","date_gmt":"2023-10-18T21:13:34","guid":{"rendered":"https:\/\/mobiledekor.com\/exemple-de-page\/"},"modified":"2024-11-04T14:54:42","modified_gmt":"2024-11-04T14:54:42","slug":"exemple-de-page","status":"publish","type":"page","link":"https:\/\/mobiledekor.com\/fr\/exemple-de-page\/","title":{"rendered":"Exemple de page"},"content":{"rendered":"\n<p>Ceci est une page d&rsquo;exemple. C&rsquo;est diff\u00e9rent d&rsquo;un article de blog car il restera au m\u00eame endroit et appara\u00eetra dans la navigation de votre site (dans la plupart des th\u00e8mes). La plupart des gens commencent par une page \u00c0 propos qui les pr\u00e9sente aux visiteurs potentiels du site. Cela pourrait dire quelque chose comme ceci\u00a0:   <\/p>\n\n<blockquote class=\"wp-block-quote is-layout-flow wp-block-quote-is-layout-flow\"><p>Salut! Je suis messager \u00e0 v\u00e9lo le jour, acteur en herbe la nuit, et voici mon site Web. Je vis \u00e0 Los Angeles, j&rsquo;ai un chien formidable nomm\u00e9 Jack et j&rsquo;aime les pi\u00f1a coladas. (Et je me fais prendre sous la pluie.)   <\/p><\/blockquote>\n\n<p>&#8230;ou quelque chose comme \u00e7a :<\/p>\n\n<blockquote class=\"wp-block-quote is-layout-flow wp-block-quote-is-layout-flow\"><p>La soci\u00e9t\u00e9 XYZ Doohickey a \u00e9t\u00e9 fond\u00e9e en 1971 et propose depuis lors des doohickeys de qualit\u00e9 au public. Situ\u00e9 \u00e0 Gotham City, XYZ emploie plus de 2 000 personnes et r\u00e9alise toutes sortes de choses g\u00e9niales pour la communaut\u00e9 de Gotham. <\/p><\/blockquote>\n\n<p>En tant que nouvel utilisateur WordPress, vous devez acc\u00e9der \u00e0 <a href=\"https:\/\/mobiledekor.com\/wp-admin\/\">votre tableau de bord<\/a> pour supprimer cette page et cr\u00e9er de nouvelles pages pour votre contenu. Amusez-vous! <\/p>\n","protected":false},"excerpt":{"rendered":"<p>Ceci est une page d&rsquo;exemple. C&rsquo;est diff\u00e9rent d&rsquo;un article de blog car il restera au m\u00eame endroit et appara\u00eetra dans la navigation de votre site (dans la plupart des th\u00e8mes). La plupart des gens commencent par une page \u00c0 propos qui les pr\u00e9sente aux visiteurs potentiels du site. Cela pourrait dire quelque chose comme ceci\u00a0: [&hellip;]<\/p>\n","protected":false},"author":1,"featured_media":0,"parent":0,"menu_order":0,"comment_status":"closed","ping_status":"open","template":"","meta":{"footnotes":""},"class_list":["post-9883","page","type-page","status-publish","hentry"],"yoast_head":"<!-- This site is optimized with the Yoast SEO Premium plugin v22.1 (Yoast SEO v26.7) - https:\/\/yoast.com\/wordpress\/plugins\/seo\/ -->\n<title>Exemple de page - Mobile Dekor<\/title>\n<meta name=\"robots\" content=\"index, follow, max-snippet:-1, max-image-preview:large, max-video-preview:-1\" \/>\n<link rel=\"canonical\" href=\"https:\/\/mobiledekor.com\/fr\/exemple-de-page\/\" \/>\n<meta property=\"og:locale\" content=\"fr_FR\" \/>\n<meta property=\"og:type\" content=\"article\" \/>\n<meta property=\"og:title\" content=\"Exemple de page\" \/>\n<meta property=\"og:description\" content=\"Ceci est une page d&rsquo;exemple. C&rsquo;est diff\u00e9rent d&rsquo;un article de blog car il restera au m\u00eame endroit et appara\u00eetra dans la navigation de votre site (dans la plupart des th\u00e8mes). La plupart des gens commencent par une page \u00c0 propos qui les pr\u00e9sente aux visiteurs potentiels du site. Cela pourrait dire quelque chose comme ceci\u00a0: [&hellip;]\" \/>\n<meta property=\"og:url\" content=\"https:\/\/mobiledekor.com\/fr\/exemple-de-page\/\" \/>\n<meta property=\"og:site_name\" content=\"Mobile Dekor\" \/>\n<meta property=\"article:publisher\" content=\"https:\/\/www.facebook.com\/mobiledekor\" \/>\n<meta property=\"article:modified_time\" content=\"2024-11-04T14:54:42+00:00\" \/>\n<meta name=\"twitter:card\" content=\"summary_large_image\" \/>\n<meta name=\"twitter:label1\" content=\"Dur\u00e9e de lecture estim\u00e9e\" \/>\n\t<meta name=\"twitter:data1\" content=\"1 minute\" \/>\n<script type=\"application\/ld+json\" class=\"yoast-schema-graph\">{\"@context\":\"https:\/\/schema.org\",\"@graph\":[{\"@type\":\"WebPage\",\"@id\":\"https:\/\/mobiledekor.com\/fr\/exemple-de-page\/\",\"url\":\"https:\/\/mobiledekor.com\/fr\/exemple-de-page\/\",\"name\":\"Exemple de page - Mobile Dekor\",\"isPartOf\":{\"@id\":\"https:\/\/mobiledekor.com\/fr\/#website\"},\"datePublished\":\"2023-10-18T21:13:34+00:00\",\"dateModified\":\"2024-11-04T14:54:42+00:00\",\"breadcrumb\":{\"@id\":\"https:\/\/mobiledekor.com\/fr\/exemple-de-page\/#breadcrumb\"},\"inLanguage\":\"fr-FR\",\"potentialAction\":[{\"@type\":\"ReadAction\",\"target\":[\"https:\/\/mobiledekor.com\/fr\/exemple-de-page\/\"]}]},{\"@type\":\"BreadcrumbList\",\"@id\":\"https:\/\/mobiledekor.com\/fr\/exemple-de-page\/#breadcrumb\",\"itemListElement\":[{\"@type\":\"ListItem\",\"position\":1,\"name\":\"Home\",\"item\":\"https:\/\/mobiledekor.com\/fr\/\"},{\"@type\":\"ListItem\",\"position\":2,\"name\":\"Exemple de page\"}]},{\"@type\":\"WebSite\",\"@id\":\"https:\/\/mobiledekor.com\/fr\/#website\",\"url\":\"https:\/\/mobiledekor.com\/fr\/\",\"name\":\"Mobile Dekor\",\"description\":\"Kuzhina moderne dhe dhoma gjumi\",\"publisher\":{\"@id\":\"https:\/\/mobiledekor.com\/fr\/#organization\"},\"potentialAction\":[{\"@type\":\"SearchAction\",\"target\":{\"@type\":\"EntryPoint\",\"urlTemplate\":\"https:\/\/mobiledekor.com\/fr\/?s={search_term_string}\"},\"query-input\":{\"@type\":\"PropertyValueSpecification\",\"valueRequired\":true,\"valueName\":\"search_term_string\"}}],\"inLanguage\":\"fr-FR\"},{\"@type\":\"Organization\",\"@id\":\"https:\/\/mobiledekor.com\/fr\/#organization\",\"name\":\"Mobile Dekor\",\"url\":\"https:\/\/mobiledekor.com\/fr\/\",\"logo\":{\"@type\":\"ImageObject\",\"inLanguage\":\"fr-FR\",\"@id\":\"https:\/\/mobiledekor.com\/fr\/#\/schema\/logo\/image\/\",\"url\":\"https:\/\/mobiledekor.com\/wp-content\/uploads\/2023\/10\/Mobile-Dekor-PNG-1.png\",\"contentUrl\":\"https:\/\/mobiledekor.com\/wp-content\/uploads\/2023\/10\/Mobile-Dekor-PNG-1.png\",\"width\":2650,\"height\":385,\"caption\":\"Mobile Dekor\"},\"image\":{\"@id\":\"https:\/\/mobiledekor.com\/fr\/#\/schema\/logo\/image\/\"},\"sameAs\":[\"https:\/\/www.facebook.com\/mobiledekor\",\"https:\/\/www.instagram.com\/mobiledekor\",\"https:\/\/www.linkedin.com\/company\/mobiledekor\/about\/\"]}]}<\/script>\n<!-- \/ Yoast SEO Premium plugin. -->","yoast_head_json":{"title":"Exemple de page - Mobile Dekor","robots":{"index":"index","follow":"follow","max-snippet":"max-snippet:-1","max-image-preview":"max-image-preview:large","max-video-preview":"max-video-preview:-1"},"canonical":"https:\/\/mobiledekor.com\/fr\/exemple-de-page\/","og_locale":"fr_FR","og_type":"article","og_title":"Exemple de page","og_description":"Ceci est une page d&rsquo;exemple. C&rsquo;est diff\u00e9rent d&rsquo;un article de blog car il restera au m\u00eame endroit et appara\u00eetra dans la navigation de votre site (dans la plupart des th\u00e8mes). La plupart des gens commencent par une page \u00c0 propos qui les pr\u00e9sente aux visiteurs potentiels du site. Cela pourrait dire quelque chose comme ceci\u00a0: [&hellip;]","og_url":"https:\/\/mobiledekor.com\/fr\/exemple-de-page\/","og_site_name":"Mobile Dekor","article_publisher":"https:\/\/www.facebook.com\/mobiledekor","article_modified_time":"2024-11-04T14:54:42+00:00","twitter_card":"summary_large_image","twitter_misc":{"Dur\u00e9e de lecture estim\u00e9e":"1 minute"},"schema":{"@context":"https:\/\/schema.org","@graph":[{"@type":"WebPage","@id":"https:\/\/mobiledekor.com\/fr\/exemple-de-page\/","url":"https:\/\/mobiledekor.com\/fr\/exemple-de-page\/","name":"Exemple de page - Mobile Dekor","isPartOf":{"@id":"https:\/\/mobiledekor.com\/fr\/#website"},"datePublished":"2023-10-18T21:13:34+00:00","dateModified":"2024-11-04T14:54:42+00:00","breadcrumb":{"@id":"https:\/\/mobiledekor.com\/fr\/exemple-de-page\/#breadcrumb"},"inLanguage":"fr-FR","potentialAction":[{"@type":"ReadAction","target":["https:\/\/mobiledekor.com\/fr\/exemple-de-page\/"]}]},{"@type":"BreadcrumbList","@id":"https:\/\/mobiledekor.com\/fr\/exemple-de-page\/#breadcrumb","itemListElement":[{"@type":"ListItem","position":1,"name":"Home","item":"https:\/\/mobiledekor.com\/fr\/"},{"@type":"ListItem","position":2,"name":"Exemple de page"}]},{"@type":"WebSite","@id":"https:\/\/mobiledekor.com\/fr\/#website","url":"https:\/\/mobiledekor.com\/fr\/","name":"Mobile Dekor","description":"Kuzhina moderne dhe dhoma gjumi","publisher":{"@id":"https:\/\/mobiledekor.com\/fr\/#organization"},"potentialAction":[{"@type":"SearchAction","target":{"@type":"EntryPoint","urlTemplate":"https:\/\/mobiledekor.com\/fr\/?s={search_term_string}"},"query-input":{"@type":"PropertyValueSpecification","valueRequired":true,"valueName":"search_term_string"}}],"inLanguage":"fr-FR"},{"@type":"Organization","@id":"https:\/\/mobiledekor.com\/fr\/#organization","name":"Mobile Dekor","url":"https:\/\/mobiledekor.com\/fr\/","logo":{"@type":"ImageObject","inLanguage":"fr-FR","@id":"https:\/\/mobiledekor.com\/fr\/#\/schema\/logo\/image\/","url":"https:\/\/mobiledekor.com\/wp-content\/uploads\/2023\/10\/Mobile-Dekor-PNG-1.png","contentUrl":"https:\/\/mobiledekor.com\/wp-content\/uploads\/2023\/10\/Mobile-Dekor-PNG-1.png","width":2650,"height":385,"caption":"Mobile Dekor"},"image":{"@id":"https:\/\/mobiledekor.com\/fr\/#\/schema\/logo\/image\/"},"sameAs":["https:\/\/www.facebook.com\/mobiledekor","https:\/\/www.instagram.com\/mobiledekor","https:\/\/www.linkedin.com\/company\/mobiledekor\/about\/"]}]}},"_links":{"self":[{"href":"https:\/\/mobiledekor.com\/fr\/wp-json\/wp\/v2\/pages\/9883","targetHints":{"allow":["GET"]}}],"collection":[{"href":"https:\/\/mobiledekor.com\/fr\/wp-json\/wp\/v2\/pages"}],"about":[{"href":"https:\/\/mobiledekor.com\/fr\/wp-json\/wp\/v2\/types\/page"}],"author":[{"embeddable":true,"href":"https:\/\/mobiledekor.com\/fr\/wp-json\/wp\/v2\/users\/1"}],"replies":[{"embeddable":true,"href":"https:\/\/mobiledekor.com\/fr\/wp-json\/wp\/v2\/comments?post=9883"}],"version-history":[{"count":2,"href":"https:\/\/mobiledekor.com\/fr\/wp-json\/wp\/v2\/pages\/9883\/revisions"}],"predecessor-version":[{"id":9904,"href":"https:\/\/mobiledekor.com\/fr\/wp-json\/wp\/v2\/pages\/9883\/revisions\/9904"}],"wp:attachment":[{"href":"https:\/\/mobiledekor.com\/fr\/wp-json\/wp\/v2\/media?parent=9883"}],"curies":[{"name":"wp","href":"https:\/\/api.w.org\/{rel}","templated":true}]}}